{"id":8023,"date":"2026-01-16T18:52:55","date_gmt":"2017-06-08T10:34:03","guid":{"rendered":"http:\/\/evently.mikado-themes.com\/?page_id=5117"},"modified":"2026-03-04T16:27:34","modified_gmt":"2026-03-04T16:27:34","slug":"entradas","status":"publish","type":"page","link":"https:\/\/congresogtc.costosperu.com\/index.php\/entradas\/","title":{"rendered":"Entradas"},"content":{"rendered":"<div class=\"wpb-content-wrapper\"><p>[vc_row css=\u00bb.vc_custom_1768411095124{padding-top: 50px !important;padding-bottom: 88px !important;}\u00bb][vc_column]<div class=\"mkdf-section-title-holder  \" style=\"text-align: center\">\n\t<div class=\"mkdf-st-inner\">\n\t\t\t\t\t<h6 class=\"mkdf-st-tagline\" >\n\t\t\t\tEntrada individual\t\t\t<\/h6>\n\t\t\t\t\t\t\t<h2 class=\"mkdf-st-title\" style=\"color: #3A6CAF\">\n\t\t\t\tInversi\u00f3n\t\t\t\t<span class=\"mkdf-st-title-mark\" style=\"color: #00000000\">.<\/span>\n\t\t\t<\/h2>\n\t\t\t\t\t\t\t<div class=\"mkdf-st-separator\" style=\"background-color: #18AD88\"><\/div>\n\t\t\t\t\t\t\t<\/div>\n<\/div>[vc_empty_space][vc_column_text css=\u00bb\u00bb]<\/p>\n<h3 style=\"text-align: center;\">Elige tu Experiencia: Aprende, colabora y lidera la transformaci\u00f3n del sector<\/h3>\n<p>[\/vc_column_text][vc_empty_space][vc_column_text css=\u00bb\u00bb]<\/p>\n<h5 style=\"text-align: center;\">Descuento exclusivo del 15% Last Chance (solo hasta el 10 de marzo 2026)<\/h5>\n<p>[\/vc_column_text][vc_single_image image=\u00bb8424&#8243; img_size=\u00bblarge\u00bb alignment=\u00bbcenter\u00bb css=\u00bb\u00bb][vc_empty_space][\/vc_column][\/vc_row][vc_row css=\u00bb.vc_custom_1768275989761{padding-bottom: 88px !important;background-image: url(https:\/\/congresogtc.costosperu.com\/wp-content\/uploads\/2026\/01\/FONDO-AZUL-02.jpg?id=7959) !important;background-position: center !important;background-repeat: no-repeat !important;background-size: cover !important;}\u00bb][vc_column]<div class=\"mkdf-elements-holder   mkdf-one-column  mkdf-responsive-mode-768 \" ><div class=\"mkdf-eh-item    \"  data-item-class=\"mkdf-eh-custom-2430\" data-768-1024=\"0px 6%\" data-680-768=\"0px 7%\" data-680=\"0px 5%\">\n\t<div class=\"mkdf-eh-item-inner\">\n\t\t<div class=\"mkdf-eh-item-content mkdf-eh-custom-2430\" style=\"padding: 0px 18%\">\n\t\t\t<div class=\"mkdf-section-title-holder  \" style=\"text-align: center\">\n\t<div class=\"mkdf-st-inner\">\n\t\t\t\t\t\t\t<h2 class=\"mkdf-st-title\" style=\"color: #FFFFFF\">\n\t\t\t\tBeneficios\t\t\t\t<span class=\"mkdf-st-title-mark\" style=\"color: #00000000\">.<\/span>\n\t\t\t<\/h2>\n\t\t\t\t\t\t\t<div class=\"mkdf-st-separator\" style=\"background-color: #18AD88\"><\/div>\n\t\t\t\t\t\t\t<\/div>\n<\/div>[vc_column_text css=\u00bb\u00bb]<span style=\"color: #ffffff;\"><strong>STANDARD PASS<\/strong><\/span><\/p>\n<p><span style=\"color: #ffffff;\">LA PUERTA DE ENTRADA AL CONOCIMIENTO COLABORATIVO<\/span><\/p>\n<p><span style=\"color: #ffffff;\">Incluye:<\/span><\/p>\n<p><span style=\"color: #ffffff;\">\u2022 02 d\u00edas de Conferencias + Taller<\/span><br \/>\n<span style=\"color: #ffffff;\">\u2022 02 d\u00ecas de almuerzo exclusivo con los speakers y representantes de las empresas patrocinadoras<\/span><br \/>\n<span style=\"color: #ffffff;\">\u2022 Kit de bienvenida y seguimiento.<\/span><br \/>\n<span style=\"color: #ffffff;\">\u2022 Coffee AM y PM<\/span><br \/>\n<span style=\"color: #ffffff;\">\u2022 Visita a la zona de exhibici\u00f3n de importantes empresas del sector.<\/span><br \/>\n<span style=\"color: #ffffff;\">\u2022 Certificado digital de participaci\u00f3n<\/span><br \/>\n<span style=\"color: #ffffff;\">\u2022 Accesos para descargar las diapositivas de las conferencias autorizadas para su difusi\u00f3n.<\/span><br \/>\n<span style=\"color: #ffffff;\">\u2022 Las exposiciones en ingl\u00e9s tendr\u00e1n traducci\u00f3n simult\u00e1nea<\/span><\/p>\n<p><span style=\"color: #ffffff;\">Ideal para: profesionales que buscan actualizarse y obtener una visi\u00f3n amplia y pr\u00e1ctica de la gesti\u00f3n colaborativa en proyectos con IPD, VDC, Lean y BIM.<\/span><\/p>\n<p><span style=\"color: #ffffff;\">(*) Capacidad limitada para inscripciones abiertas (hasta 150), la admisi\u00f3n es por orden de inscripci\u00f3n y pago respectivo<\/span>[\/vc_column_text][vc_empty_space][vc_raw_html css=\u00bb\u00bb]JTNDZm9ybSUyMG1ldGhvZCUzRCUyMnBvc3QlMjIlMjBhY3Rpb24lM0QlMjJodHRwcyUzQSUyRiUyRmdhdGV3YXkucGF5dWxhdGFtLmNvbSUyRnBwcC13ZWItZ2F0ZXdheSUyRnBiLnp1bCUyMiUyMGFjY2VwdC1jaGFyc2V0JTNEJTIyVVRGLTglMjIlM0UlMEQlMEElRTIlODAlODMlMjAlM0NpbnB1dCUyMHR5cGUlM0QlMjJpbWFnZSUyMiUyMGJvcmRlciUzRCUyMjAlMjIlMjBhbHQlM0QlMjIlMjIlMjBzcmMlM0QlMjJodHRwcyUzQSUyRiUyRmVjb21tZXJjZS5wYXl1bGF0YW0uY29tJTJGaW1nLXNlY3VyZS0yMDE1JTJGYm90b25fcGFnYXJfcGVxdWVuby5wbmclMjIlMjBvbkNsaWNrJTNEJTIydGhpcy5mb3JtLnVybE9yaWdlbi52YWx1ZSUyMCUzRCUyMHdpbmRvdy5sb2NhdGlvbi5ocmVmJTNCJTIyJTJGJTNFJTBEJTBBJUUyJTgwJTgzJTIwJTNDaW5wdXQlMjBuYW1lJTNEJTIyYnV0dG9uSWQlMjIlMjB0eXBlJTNEJTIyaGlkZGVuJTIyJTIwdmFsdWUlM0QlMjJ5V2VUdlg5ZWk1bk0xWEhlNDBVemJsb09nNHNUUzNGTUpMYVl0TGJkSW0yUUNQOXZrQzV4R0ElM0QlM0QlMjIlMkYlM0UlMEQlMEElRTIlODAlODMlMjAlM0NpbnB1dCUyMG5hbWUlM0QlMjJtZXJjaGFudElkJTIyJTIwdHlwZSUzRCUyMmhpZGRlbiUyMiUyMHZhbHVlJTNEJTIyNTQ2MTUzJTIyJTJGJTNFJTBEJTBBJUUyJTgwJTgzJTIwJTNDaW5wdXQlMjBuYW1lJTNEJTIyYWNjb3VudElkJTIyJTIwdHlwZSUzRCUyMmhpZGRlbiUyMiUyMHZhbHVlJTNEJTIyNTQ4MzYyJTIyJTJGJTNFJTBEJTBBJUUyJTgwJTgzJTIwJTNDaW5wdXQlMjBuYW1lJTNEJTIyZGVzY3JpcHRpb24lMjIlMjB0eXBlJTNEJTIyaGlkZGVuJTIyJTIwdmFsdWUlM0QlMjJTVEFOREFSRCUyMFBBU1MlMjBHVEMlMjAyMDI2JTIyJTJGJTNFJTBEJTBBJUUyJTgwJTgzJTIwJTNDaW5wdXQlMjBuYW1lJTNEJTIycmVmZXJlbmNlQ29kZSUyMiUyMHR5cGUlM0QlMjJoaWRkZW4lMjIlMjB2YWx1ZSUzRCUyMkVBMjAyNjAyJTIyJTJGJTNFJTBEJTBBJUUyJTgwJTgzJTIwJTNDaW5wdXQlMjBuYW1lJTNEJTIyYW1vdW50JTIyJTIwdHlwZSUzRCUyMmhpZGRlbiUyMiUyMHZhbHVlJTNEJTIyNjMyLjAwJTIyJTJGJTNFJTBEJTBBJUUyJTgwJTgzJTIwJTNDaW5wdXQlMjBuYW1lJTNEJTIydGF4JTIyJTIwdHlwZSUzRCUyMmhpZGRlbiUyMiUyMHZhbHVlJTNEJTIyMC4wMCUyMiUyRiUzRSUwRCUwQSVFMiU4MCU4MyUyMCUzQ2lucHV0JTIwbmFtZSUzRCUyMnRheFJldHVybkJhc2UlMjIlMjB0eXBlJTNEJTIyaGlkZGVuJTIyJTIwdmFsdWUlM0QlMjIwLjAwJTIyJTJGJTNFJTBEJTBBJUUyJTgwJTgzJTIwJTNDaW5wdXQlMjBuYW1lJTNEJTIyc2hpcG1lbnRWYWx1ZSUyMiUyMHZhbHVlJTNEJTIyMC4wMCUyMiUyMHR5cGUlM0QlMjJoaWRkZW4lMjIlMkYlM0UlMEQlMEElRTIlODAlODMlMjAlM0NpbnB1dCUyMG5hbWUlM0QlMjJjdXJyZW5jeSUyMiUyMHR5cGUlM0QlMjJoaWRkZW4lMjIlMjB2YWx1ZSUzRCUyMlBFTiUyMiUyRiUzRSUwRCUwQSVFMiU4MCU4MyUyMCUzQ2lucHV0JTIwbmFtZSUzRCUyMmxuZyUyMiUyMHR5cGUlM0QlMjJoaWRkZW4lMjIlMjB2YWx1ZSUzRCUyMmVzJTIyJTJGJTNFJTBEJTBBJUUyJTgwJTgzJTIwJTNDaW5wdXQlMjBuYW1lJTNEJTIyZGlzcGxheUJ1eWVyQ29tbWVudHMlMjIlMjB0eXBlJTNEJTIyaGlkZGVuJTIyJTIwdmFsdWUlM0QlMjJ0cnVlJTIyJTJGJTNFJTBEJTBBJUUyJTgwJTgzJTIwJTNDaW5wdXQlMjBuYW1lJTNEJTIyc291cmNlVXJsJTIyJTIwaWQlM0QlMjJ1cmxPcmlnZW4lMjIlMjB2YWx1ZSUzRCUyMiUyMiUyMHR5cGUlM0QlMjJoaWRkZW4lMjIlMkYlM0UlMEQlMEElRTIlODAlODMlMjAlM0NpbnB1dCUyMG5hbWUlM0QlMjJidXR0b25UeXBlJTIyJTIwdmFsdWUlM0QlMjJTSU1QTEUlMjIlMjB0eXBlJTNEJTIyaGlkZGVuJTIyJTJGJTNFJTBEJTBBJUUyJTgwJTgzJTIwJTNDaW5wdXQlMjBuYW1lJTNEJTIyc2lnbmF0dXJlJTIyJTIwdmFsdWUlM0QlMjIxYTNmODk4ZjU4MTJjYjEzZTdjMmY4ZTdhNGM5MTAwZTBkNTkzYjQ3ZWY5NDVmNTY1MmExNmM3OWMyZjViOThiJTIyJTIwdHlwZSUzRCUyMmhpZGRlbiUyMiUyRiUzRSUwRCUwQSUzQyUyRmZvcm0lM0U=[\/vc_raw_html][vc_empty_space][vc_column_text css=\u00bb\u00bb]<span style=\"color: #ffffff;\"><strong>VIP PASS<\/strong><\/span><\/p>\n<p><span style=\"color: #ffffff;\">PARA L\u00cdDERES QUE BUSCAN UNA EXPERIENCIA DIFERENCIADA Y ESTRAT\u00c9GICA<\/span><\/p>\n<p><span style=\"color: #ffffff;\">\u2022 Ubicaci\u00f3n preferencial en el auditorio durante el congreso<\/span><br \/>\n<span style=\"color: #ffffff;\">\u2022 Cena VIP exclusiva con speakers y l\u00edderes del sector<\/span><br \/>\n<span style=\"color: #ffffff;\">\u2022 Media Kit VIP con contenido y materiales premium<\/span><br \/>\n<span style=\"color: #ffffff;\">\u2022 Networking estrat\u00e9gico con actores clave del sector<\/span><\/p>\n<p><span style=\"color: #ffffff;\">Ideal para: ejecutivos, directores, jefes de \u00e1rea y l\u00edderes que buscan generar relaciones estrat\u00e9gicas de alto nivel en un entorno exclusivo.<\/span><\/p>\n<p><span style=\"color: #ffffff;\">(*) Capacidad limitada (hasta 50 cupos) admisi\u00f3n es por orden de inscripci\u00f3n y pago respectivo<\/span>[\/vc_column_text][vc_raw_html css=\u00bb\u00bb]JTNDZm9ybSUyMG1ldGhvZCUzRCUyMnBvc3QlMjIlMjBhY3Rpb24lM0QlMjJodHRwcyUzQSUyRiUyRmdhdGV3YXkucGF5dWxhdGFtLmNvbSUyRnBwcC13ZWItZ2F0ZXdheSUyRnBiLnp1bCUyMiUyMGFjY2VwdC1jaGFyc2V0JTNEJTIyVVRGLTglMjIlM0UlMEQlMEElRTIlODAlODMlMjAlM0NpbnB1dCUyMHR5cGUlM0QlMjJpbWFnZSUyMiUyMGJvcmRlciUzRCUyMjAlMjIlMjBhbHQlM0QlMjIlMjIlMjBzcmMlM0QlMjJodHRwcyUzQSUyRiUyRmVjb21tZXJjZS5wYXl1bGF0YW0uY29tJTJGaW1nLXNlY3VyZS0yMDE1JTJGYm90b25fcGFnYXJfcGVxdWVuby5wbmclMjIlMjBvbkNsaWNrJTNEJTIydGhpcy5mb3JtLnVybE9yaWdlbi52YWx1ZSUyMCUzRCUyMHdpbmRvdy5sb2NhdGlvbi5ocmVmJTNCJTIyJTJGJTNFJTBEJTBBJUUyJTgwJTgzJTIwJTNDaW5wdXQlMjBuYW1lJTNEJTIyYnV0dG9uSWQlMjIlMjB0eXBlJTNEJTIyaGlkZGVuJTIyJTIwdmFsdWUlM0QlMjJUS084VnZzYkhvSFIlMkIlMkZSdlNuSFZ2TXdmYnJzVGpCVnhEZTNwUDRtdFVaZE5iV1poYTg5OTNnJTNEJTNEJTIyJTJGJTNFJTBEJTBBJUUyJTgwJTgzJTIwJTNDaW5wdXQlMjBuYW1lJTNEJTIybWVyY2hhbnRJZCUyMiUyMHR5cGUlM0QlMjJoaWRkZW4lMjIlMjB2YWx1ZSUzRCUyMjU0NjE1MyUyMiUyRiUzRSUwRCUwQSVFMiU4MCU4MyUyMCUzQ2lucHV0JTIwbmFtZSUzRCUyMmFjY291bnRJZCUyMiUyMHR5cGUlM0QlMjJoaWRkZW4lMjIlMjB2YWx1ZSUzRCUyMjU0ODM2MiUyMiUyRiUzRSUwRCUwQSVFMiU4MCU4MyUyMCUzQ2lucHV0JTIwbmFtZSUzRCUyMmRlc2NyaXB0aW9uJTIyJTIwdHlwZSUzRCUyMmhpZGRlbiUyMiUyMHZhbHVlJTNEJTIyVklQJTIwUEFTUyUyMEdUQyUyMDIwMjYlMjIlMkYlM0UlMEQlMEElRTIlODAlODMlMjAlM0NpbnB1dCUyMG5hbWUlM0QlMjJyZWZlcmVuY2VDb2RlJTIyJTIwdHlwZSUzRCUyMmhpZGRlbiUyMiUyMHZhbHVlJTNEJTIyRUEyMDI2MDIlMjIlMkYlM0UlMEQlMEElRTIlODAlODMlMjAlM0NpbnB1dCUyMG5hbWUlM0QlMjJhbW91bnQlMjIlMjB0eXBlJTNEJTIyaGlkZGVuJTIyJTIwdmFsdWUlM0QlMjI3OTIuMDAlMjIlMkYlM0UlMEQlMEElRTIlODAlODMlMjAlM0NpbnB1dCUyMG5hbWUlM0QlMjJ0YXglMjIlMjB0eXBlJTNEJTIyaGlkZGVuJTIyJTIwdmFsdWUlM0QlMjIwLjAwJTIyJTJGJTNFJTBEJTBBJUUyJTgwJTgzJTIwJTNDaW5wdXQlMjBuYW1lJTNEJTIydGF4UmV0dXJuQmFzZSUyMiUyMHR5cGUlM0QlMjJoaWRkZW4lMjIlMjB2YWx1ZSUzRCUyMjAuMDAlMjIlMkYlM0UlMEQlMEElRTIlODAlODMlMjAlM0NpbnB1dCUyMG5hbWUlM0QlMjJzaGlwbWVudFZhbHVlJTIyJTIwdmFsdWUlM0QlMjIwLjAwJTIyJTIwdHlwZSUzRCUyMmhpZGRlbiUyMiUyRiUzRSUwRCUwQSVFMiU4MCU4MyUyMCUzQ2lucHV0JTIwbmFtZSUzRCUyMmN1cnJlbmN5JTIyJTIwdHlwZSUzRCUyMmhpZGRlbiUyMiUyMHZhbHVlJTNEJTIyUEVOJTIyJTJGJTNFJTBEJTBBJUUyJTgwJTgzJTIwJTNDaW5wdXQlMjBuYW1lJTNEJTIybG5nJTIyJTIwdHlwZSUzRCUyMmhpZGRlbiUyMiUyMHZhbHVlJTNEJTIyZXMlMjIlMkYlM0UlMEQlMEElRTIlODAlODMlMjAlM0NpbnB1dCUyMG5hbWUlM0QlMjJkaXNwbGF5QnV5ZXJDb21tZW50cyUyMiUyMHR5cGUlM0QlMjJoaWRkZW4lMjIlMjB2YWx1ZSUzRCUyMnRydWUlMjIlMkYlM0UlMEQlMEElRTIlODAlODMlMjAlM0NpbnB1dCUyMG5hbWUlM0QlMjJzb3VyY2VVcmwlMjIlMjBpZCUzRCUyMnVybE9yaWdlbiUyMiUyMHZhbHVlJTNEJTIyJTIyJTIwdHlwZSUzRCUyMmhpZGRlbiUyMiUyRiUzRSUwRCUwQSVFMiU4MCU4MyUyMCUzQ2lucHV0JTIwbmFtZSUzRCUyMmJ1dHRvblR5cGUlMjIlMjB2YWx1ZSUzRCUyMlNJTVBMRSUyMiUyMHR5cGUlM0QlMjJoaWRkZW4lMjIlMkYlM0UlMEQlMEElRTIlODAlODMlMjAlM0NpbnB1dCUyMG5hbWUlM0QlMjJzaWduYXR1cmUlMjIlMjB2YWx1ZSUzRCUyMjJiZTAzY2NmMGY2ZGJmNGYxNzkwYTZkZmIwYTJlMGIwYzkyZjk2NWQxNjMwZDZkN2I1MDIyMDExMzA1YjkyZTElMjIlMjB0eXBlJTNEJTIyaGlkZGVuJTIyJTJGJTNFJTBEJTBBJTNDJTJGZm9ybSUzRQ==[\/vc_raw_html]\t\t<\/div>\n\t<\/div>\n<\/div><\/div>[vc_empty_space][\/vc_column][\/vc_row][vc_row css=\u00bb.vc_custom_1768590866596{padding-bottom: 88px !important;background-position: center !important;background-repeat: no-repeat !important;background-size: cover !important;}\u00bb][vc_column]<div class=\"mkdf-elements-holder   mkdf-one-column  mkdf-responsive-mode-768 \" ><div class=\"mkdf-eh-item    \"  data-item-class=\"mkdf-eh-custom-3914\" data-768-1024=\"0px 6%\" data-680-768=\"0px 7%\" data-680=\"0px 5%\">\n\t<div class=\"mkdf-eh-item-inner\">\n\t\t<div class=\"mkdf-eh-item-content mkdf-eh-custom-3914\" style=\"padding: 0px 18%\">\n\t\t\t<div class=\"mkdf-section-title-holder  \" style=\"text-align: center\">\n\t<div class=\"mkdf-st-inner\">\n\t\t\t\t\t\t\t<h2 class=\"mkdf-st-title\" style=\"color: #3A6CAF\">\n\t\t\t\t\u00bfC\u00f3mo Adquiero mi Entrada?\t\t\t\t<span class=\"mkdf-st-title-mark\" style=\"color: #00000000\">.<\/span>\n\t\t\t<\/h2>\n\t\t\t\t\t\t\t<div class=\"mkdf-st-separator\" style=\"background-color: #18AD88\"><\/div>\n\t\t\t\t\t\t\t<\/div>\n<\/div>[vc_empty_space][vc_column_text css=\u00bb\u00bb]<strong>PASO 1: REALIZA EL PAGO<\/strong><br \/>\nCon Pagos en l\u00ednea con tarjeta de cr\u00e9dito<br \/>\n1. En la secci\u00f3n superior \u00abElige tu Experiencia, (<strong>STANDARD PASS O VIP PASS)<\/strong><br \/>\n2. Luego, haz clic en el bot\u00f3n \u00abPaga ahora\u00bb respectivo<br \/>\n3. Completa el proceso de pago con tu tarjeta de cr\u00e9dito o d\u00e9bito<\/p>\n<p>Aplica a tarjetas de cr\u00e9dito y d\u00e9bito VISA, MASTERCARD, AMERICAN EXPRESS, y DINNERS<\/p>\n<p>Con Dep\u00f3sito o Transferencia a nuestras cuentas bancarias<br \/>\nBanco: BCP<br \/>\nMoneda: SOLES<br \/>\nNro. de Cta. Cte. : 193-1052060-0-68<br \/>\nC\u00f3digo de cuenta Interbancario: 002-193-001052060068-14<\/p>\n<p>Los pagos deben ser realizados a nombre de COSTOS SAC \u2013 RUC 20255391179<\/p>\n<p>En caso de solicitar factura y excedan el monto de S\/ 700 estamos sujetos al 12% de detracci\u00f3n<br \/>\ndel monto total: Dep\u00f3sitos en Cuenta Banco de la Naci\u00f3n Nro. 00-000-380512<\/p>\n<p><strong>PASO 2: COMPLETA EL SIGUIENTE FORMULARIO: <a href=\"https:\/\/docs.google.com\/forms\/d\/e\/1FAIpQLSdvhNt0sQJ98HCXWjVoo0sAN2UTf4dGCxJ0WEKHoFuVG2s_nQ\/viewform\">CLIC AQU\u00cd!!<\/a>!<\/strong><\/p>\n<p><strong>PASO 3: ENVIA LA CONSTANCIA DE PAGO<\/strong><br \/>\nCorreo: epinedo@costosperu.com<br \/>\nWhattsApp: +51 923 156 637<br \/>\nUna vez enviada la constancia, recibir\u00e1s la confirmaci\u00f3n oficial de tu inscripci\u00f3n.[\/vc_column_text]\t\t<\/div>\n\t<\/div>\n<\/div><\/div>[vc_empty_space][\/vc_column][\/vc_row][vc_row css=\u00bb.vc_custom_1768411095124{padding-top: 50px !important;padding-bottom: 88px !important;}\u00bb][vc_column]<div class=\"mkdf-section-title-holder  \" style=\"text-align: center\">\n\t<div class=\"mkdf-st-inner\">\n\t\t\t\t\t\t\t<h2 class=\"mkdf-st-title\" style=\"color: #3A6CAF\">\n\t\t\t\tInversi\u00f3n Corporativa\t\t\t\t<span class=\"mkdf-st-title-mark\" style=\"color: #00000000\">.<\/span>\n\t\t\t<\/h2>\n\t\t\t\t\t\t\t<div class=\"mkdf-st-separator\" style=\"background-color: #18AD88\"><\/div>\n\t\t\t\t\t\t\t<\/div>\n<\/div>[vc_empty_space][vc_column_text css=\u00bb\u00bb]<\/p>\n<h3 style=\"text-align: center;\">\u201cUn equipo preparado transforma proyectos. Una empresa integrada transforma el sector.\u201d<\/h3>\n<p>[\/vc_column_text][vc_empty_space][vc_column_text css=\u00bb\u00bb]<\/p>\n<h5 style=\"text-align: center;\">GRUPOS 3 a 5 PERSONAS<br \/>\n\u00a1Arma un grupo y ahorra 20% en la inscripci\u00f3n! (*)<\/h5>\n<p>[\/vc_column_text][vc_single_image image=\u00bb8395&#8243; img_size=\u00bblarge\u00bb alignment=\u00bbcenter\u00bb css=\u00bb\u00bb][vc_empty_space height=\u00bb62px\u00bb][vc_column_text css=\u00bb\u00bb]<\/p>\n<h3 style=\"text-align: center;\">\u201cUn equipo preparado transforma proyectos. Una empresa integrada transforma el sector.\u201d<\/h3>\n<p>[\/vc_column_text][vc_empty_space][vc_column_text css=\u00bb\u00bb]<\/p>\n<h5 style=\"text-align: center;\">GRUPOS DESDE 6 PERSONAS<br \/>\n\u00a1Inscribe a tu equipo y obt\u00e9n hasta 25% de descuento + beneficios corporativos! (*)<\/h5>\n<p>[\/vc_column_text][vc_single_image image=\u00bb8396&#8243; img_size=\u00bblarge\u00bb alignment=\u00bbcenter\u00bb css=\u00bb\u00bb][vc_row_inner row_content_width=\u00bbgrid\u00bb][vc_column_inner][vc_column_text css=\u00bb\u00bb]Beneficio adicional: Inclusi\u00f3n del logo de la empresa como Colaborador en la web oficial del Congreso.<\/p>\n<p>(*) Condiciones: El pago debe realizarse a trav\u00e9s de una sola persona o responsable. Se emite un \u00fanico comprobante tributario para todo el grupo.[\/vc_column_text][vc_empty_space][\/vc_column_inner][\/vc_row_inner][\/vc_column][\/vc_row]<\/p>\n<\/div>","protected":false},"excerpt":{"rendered":"<p>[vc_row css=\u00bb.vc_custom_1768411095124{padding-top: 50px !important;padding-bottom: 88px !important;}\u00bb][vc_column][vc_empty_space][vc_column_text css=\u00bb\u00bb] Elige tu Experiencia: Aprende, colabora y lidera la transformaci\u00f3n del sector [\/vc_column_text][vc_empty_space][vc_column_text css=\u00bb\u00bb] Descuento exclusivo del 15% Last Chance (solo hasta el 10 de marzo 2026) [\/vc_column_text][vc_single_image image=\u00bb8424&#8243; img_size=\u00bblarge\u00bb alignment=\u00bbcenter\u00bb css=\u00bb\u00bb][vc_empty_space][\/vc_column][\/vc_row][vc_row css=\u00bb.vc_custom_1768275989761{padding-bottom: 88px [&hellip;]<\/p>\n","protected":false},"author":1,"featured_media":0,"parent":0,"menu_order":0,"comment_status":"closed","ping_status":"closed","template":"full-width.php","meta":{"footnotes":""},"class_list":["post-8023","page","type-page","status-publish","hentry"],"_links":{"self":[{"href":"https:\/\/congresogtc.costosperu.com\/index.php\/wp-json\/wp\/v2\/pages\/8023","targetHints":{"allow":["GET"]}}],"collection":[{"href":"https:\/\/congresogtc.costosperu.com\/index.php\/wp-json\/wp\/v2\/pages"}],"about":[{"href":"https:\/\/congresogtc.costosperu.com\/index.php\/wp-json\/wp\/v2\/types\/page"}],"author":[{"embeddable":true,"href":"https:\/\/congresogtc.costosperu.com\/index.php\/wp-json\/wp\/v2\/users\/1"}],"replies":[{"embeddable":true,"href":"https:\/\/congresogtc.costosperu.com\/index.php\/wp-json\/wp\/v2\/comments?post=8023"}],"version-history":[{"count":11,"href":"https:\/\/congresogtc.costosperu.com\/index.php\/wp-json\/wp\/v2\/pages\/8023\/revisions"}],"predecessor-version":[{"id":8393,"href":"https:\/\/congresogtc.costosperu.com\/index.php\/wp-json\/wp\/v2\/pages\/8023\/revisions\/8393"}],"wp:attachment":[{"href":"https:\/\/congresogtc.costosperu.com\/index.php\/wp-json\/wp\/v2\/media?parent=8023"}],"curies":[{"name":"wp","href":"https:\/\/api.w.org\/{rel}","templated":true}]}}